{"id":243,"date":"2021-01-21T20:44:01","date_gmt":"2021-01-21T17:44:01","guid":{"rendered":"https:\/\/www.kenzevents.com\/flowers\/?post_type=product&#038;p=243"},"modified":"2023-02-07T11:26:48","modified_gmt":"2023-02-07T08:26:48","slug":"antoryumsaksi","status":"publish","type":"product","link":"https:\/\/www.kenzevents.com\/flowers\/product\/antoryumsaksi\/","title":{"rendered":"Antoryum Saks\u0131"},"content":{"rendered":"<p>Anthurium, arum ailesinden gelir ve Antoryum \u00e7i\u00e7e\u011fi olarak da bilinen bu bitki genel olarak kuyruk \u00e7i\u00e7e\u011fi, antoryum, flamingo \u00e7i\u00e7e\u011fi ve laceleaf adlar\u0131yla da an\u0131l\u0131r. Kalp \u015feklindeki yaprak ve \u00e7i\u00e7ekleriyle \u00e7ok g\u00fczel g\u00f6r\u00fcnen bitkinin genellikle k\u0131rm\u0131z\u0131 renkte kocaman \u00e7i\u00e7ekleri vard\u0131r. Ev, ofis gibi ya\u015fam alanlar\u0131nda olduk\u00e7a s\u0131k kullan\u0131lan bu g\u00fczel bitki \u00f6zel tasarlanm\u0131\u015f gold \u00e7izgili vazoda sizler i\u00e7in sunuluyor. \u00c7i\u00e7ekSepeti g\u00fcvencesiyle hemen sipari\u015f olu\u015fturarak h\u0131zl\u0131 teslimat ve farkl\u0131 \u00f6deme se\u00e7eneklerinden yararlanabilir, ya\u015fam alanlar\u0131n\u0131za farkl\u0131 bir dokunu\u015f yaparak harika bir ortam yaratabilirsiniz.<\/p>\n<p><strong>Antoryum Bitkisi Bak\u0131m\u0131:\u00a0<\/strong>Antoryum bir saks\u0131 \u00e7i\u00e7e\u011fi olup kolay bak\u0131m\u0131yla evlerde i\u015f yerlerinde \u00e7ok tercih edilen bir bitki t\u00fcr\u00fcd\u00fcr. I\u015f\u0131\u011f\u0131 direkt almaktan ho\u015flanmayan bitki ayn\u0131 zamanda a\u015f\u0131r\u0131 r\u00fczgardan da etkilenir ve cam \u00f6n\u00fc veya balkonlarda yeti\u015ftirilemez. Antoryum \u00e7i\u00e7e\u011fi sulan\u0131rken dikkat edilmesi gereken nokta, e\u011fer bitkinin topra\u011f\u0131 nemli ise sulanmamas\u0131 gerekir. Fazla su antoryum \u00e7i\u00e7e\u011fini y\u0131prat\u0131r. Hava s\u0131cakl\u0131\u011f\u0131na ba\u011fl\u0131 olarak k\u0131\u015f aylar\u0131nda haftada bir, yaz aylar\u0131nda ise iki kez sulanmas\u0131 yeterli olur.<\/p>\n<p>Not: \u00dcr\u00fcn vazo y\u00fcksekli\u011fi ve vazo \u00e7ap\u0131 13 cm&#8217;dir.<\/p>\n","protected":false},"excerpt":{"rendered":"<p>Anthurium, arum ailesinden gelir ve Antoryum \u00e7i\u00e7e\u011fi olarak da bilinen bu bitki genel olarak kuyruk \u00e7i\u00e7e\u011fi, antoryum, flamingo \u00e7i\u00e7e\u011fi ve laceleaf adlar\u0131yla da an\u0131l\u0131r.<\/p>\n","protected":false},"featured_media":250,"comment_status":"open","ping_status":"closed","template":"","meta":[],"yoast_head":"<!-- This site is optimized with the Yoast SEO plugin v15.5 - https:\/\/yoast.com\/wordpress\/plugins\/seo\/ -->\n<meta name=\"description\" content=\"\u00d6zg\u00fcn ve \u015e\u0131k Tasar\u0131ml\u0131 Antoryum \u00c7e\u015fitleri Kenz Flowers&#039;da .Hemen Sipari\u015f Ver! G\u00fcvenli al\u0131\u015fveri\u015f. Taze \u00e7i\u00e7ekler. H\u0131zl\u0131 g\u00f6nderim.\" \/>\n<meta name=\"robots\" content=\"index, follow, max-snippet:-1, max-image-preview:large, max-video-preview:-1\" \/>\n<link rel=\"canonical\" href=\"https:\/\/www.kenzevents.com\/flowers\/product\/antoryumsaksi\/\" \/>\n<meta property=\"og:locale\" content=\"tr_TR\" \/>\n<meta property=\"og:type\" content=\"article\" \/>\n<meta property=\"og:title\" content=\"Antoryum Saks\u0131 Bitkisi - Kenz Flowers\" \/>\n<meta property=\"og:description\" content=\"\u00d6zg\u00fcn ve \u015e\u0131k Tasar\u0131ml\u0131 Antoryum \u00c7e\u015fitleri Kenz Flowers&#039;da .Hemen Sipari\u015f Ver! G\u00fcvenli al\u0131\u015fveri\u015f. Taze \u00e7i\u00e7ekler. H\u0131zl\u0131 g\u00f6nderim.\" \/>\n<meta property=\"og:url\" content=\"https:\/\/www.kenzevents.com\/flowers\/product\/antoryumsaksi\/\" \/>\n<meta property=\"og:site_name\" content=\"Kenz Flowers\" \/>\n<meta property=\"article:modified_time\" content=\"2023-02-07T08:26:48+00:00\" \/>\n<meta property=\"og:image\" content=\"https:\/\/www.kenzevents.com\/flowers\/wp-content\/uploads\/2021\/01\/Antoryum-scaled.jpg\" \/>\n\t<meta property=\"og:image:width\" content=\"2477\" \/>\n\t<meta property=\"og:image:height\" content=\"2560\" \/>\n<meta name=\"twitter:card\" content=\"summary_large_image\" \/>\n<meta name=\"twitter:label1\" content=\"Tahmini okuma s\u00fcresi\">\n\t<meta name=\"twitter:data1\" content=\"1 dakika\">\n<script type=\"application\/ld+json\" class=\"yoast-schema-graph\">{\"@context\":\"https:\/\/schema.org\",\"@graph\":[{\"@type\":\"WebSite\",\"@id\":\"https:\/\/www.kenzevents.com\/flowers\/#website\",\"url\":\"https:\/\/www.kenzevents.com\/flowers\/\",\"name\":\"Kenz Flowers\",\"description\":\"\",\"potentialAction\":[{\"@type\":\"SearchAction\",\"target\":\"https:\/\/www.kenzevents.com\/flowers\/?s={search_term_string}\",\"query-input\":\"required name=search_term_string\"}],\"inLanguage\":\"tr\"},{\"@type\":\"ImageObject\",\"@id\":\"https:\/\/www.kenzevents.com\/flowers\/product\/antoryumsaksi\/#primaryimage\",\"inLanguage\":\"tr\",\"url\":\"https:\/\/www.kenzevents.com\/flowers\/wp-content\/uploads\/2021\/01\/Antoryum-scaled.jpg\",\"width\":2477,\"height\":2560},{\"@type\":\"WebPage\",\"@id\":\"https:\/\/www.kenzevents.com\/flowers\/product\/antoryumsaksi\/#webpage\",\"url\":\"https:\/\/www.kenzevents.com\/flowers\/product\/antoryumsaksi\/\",\"name\":\"Antoryum Saks\\u0131 \\u00c7i\\u00e7ek Sevgililer \\u00d6zel G\\u00fcn K\\u0131rm\\u0131z\\u0131 H\\u0131zl\\u0131 G\\u00f6nderim\",\"isPartOf\":{\"@id\":\"https:\/\/www.kenzevents.com\/flowers\/#website\"},\"primaryImageOfPage\":{\"@id\":\"https:\/\/www.kenzevents.com\/flowers\/product\/antoryumsaksi\/#primaryimage\"},\"datePublished\":\"2021-01-21T17:44:01+00:00\",\"dateModified\":\"2023-02-07T08:26:48+00:00\",\"description\":\"\\u00d6zg\\u00fcn ve \\u015e\\u0131k Tasar\\u0131ml\\u0131 Antoryum \\u00c7e\\u015fitleri Kenz Flowers'da .Hemen Sipari\\u015f Ver! G\\u00fcvenli al\\u0131\\u015fveri\\u015f. Taze \\u00e7i\\u00e7ekler. H\\u0131zl\\u0131 g\\u00f6nderim.\",\"inLanguage\":\"tr\",\"potentialAction\":[{\"@type\":\"ReadAction\",\"target\":[\"https:\/\/www.kenzevents.com\/flowers\/product\/antoryumsaksi\/\"]}]}]}<\/script>\n<!-- \/ Yoast SEO plugin. -->","_links":{"self":[{"href":"https:\/\/www.kenzevents.com\/flowers\/wp-json\/wp\/v2\/product\/243"}],"collection":[{"href":"https:\/\/www.kenzevents.com\/flowers\/wp-json\/wp\/v2\/product"}],"about":[{"href":"https:\/\/www.kenzevents.com\/flowers\/wp-json\/wp\/v2\/types\/product"}],"replies":[{"embeddable":true,"href":"https:\/\/www.kenzevents.com\/flowers\/wp-json\/wp\/v2\/comments?post=243"}],"wp:featuredmedia":[{"embeddable":true,"href":"https:\/\/www.kenzevents.com\/flowers\/wp-json\/wp\/v2\/media\/250"}],"wp:attachment":[{"href":"https:\/\/www.kenzevents.com\/flowers\/wp-json\/wp\/v2\/media?parent=243"}],"curies":[{"name":"wp","href":"https:\/\/api.w.org\/{rel}","templated":true}]}}